{"id":9415,"date":"2022-05-01T01:20:01","date_gmt":"2022-05-01T01:20:01","guid":{"rendered":"https:\/\/summainteriores.com\/?page_id=9415"},"modified":"2022-05-01T01:29:01","modified_gmt":"2022-05-01T01:29:01","slug":"opiniones","status":"publish","type":"page","link":"https:\/\/summainteriores.com\/en\/opiniones\/","title":{"rendered":"Reviews"},"content":{"rendered":"<div id=\"fws_69fce3b1051e7\"  data-column-margin=\"default\" data-midnight=\"dark\"  class=\"wpb_row vc_row-fluid vc_row full-width-content vc_row-o-equal-height vc_row-flex vc_row-o-content-top parallax_section mobile-disable-bg-image-animation\"  style=\"padding-top: 0px; padding-bottom: 0px; \"><div class=\"row-bg-wrap\" data-bg-animation=\"zoom-out-slow\" data-bg-animation-delay=\"\" data-bg-overlay=\"true\"><div class=\"inner-wrap row-bg-layer using-image\" ><div class=\"row-bg viewport-desktop using-image\" data-parallax-speed=\"fast\" style=\"background-image: url(https:\/\/summainteriores.com\/wp-content\/uploads\/2022\/05\/man-hand-pressing-smartphone-screen-with-gold-five-star-rating-feedback-scaled.jpg); background-position: center top; background-repeat: no-repeat; \"><\/div><\/div><div class=\"row-bg-overlay row-bg-layer\" style=\"background: #9393a3; background: linear-gradient(90deg,#9393a3 0%,#ffc42e 100%);  opacity: 0.8; \"><\/div><\/div><div class=\"nectar-shape-divider-wrap no-color\" style=\" height:100px;\"  data-height=\"100px\" data-front=\"true\" data-style=\"fan\" data-position=\"bottom\" ><svg class=\"nectar-shape-divider\" aria-hidden=\"true\" fill=\"\" xmlns=\"http:\/\/www.w3.org\/2000\/svg\" viewbox=\"0 0 1003.92 91\" preserveaspectratio=\"none\"> <polygon class=\"cls-1\" points=\"502.46 46.31 1 85.67 1 91.89 1002.91 91.89 1002.91 85.78 502.46 46.31\"\/><polygon class=\"cls-2\" points=\"502.46 45.8 1 0 1 91.38 1002.91 91.38 1002.91 0.1 502.46 45.8\"\/><rect class=\"cls-3\" y=\"45.81\" width=\"1003.92\" height=\"46.09\"\/>\n          <\/svg><\/div><div class=\"row_col_wrap_12 col span_12 dark left\">\n\t<div  class=\"vc_col-sm-12 wpb_column column_container vc_column_container col no-extra-padding inherit_tablet inherit_phone\"  data-padding-pos=\"all\" data-has-bg-color=\"false\" data-bg-color=\"\" data-bg-opacity=\"1\" data-animation=\"\" data-delay=\"0\" >\n\t\t<div class=\"vc_column-inner\" >\n\t\t\t<div class=\"wpb_wrapper\">\n\t\t\t\t<div id=\"fws_69fce3b1058c3\" data-midnight=\"\" data-column-margin=\"default\" class=\"wpb_row vc_row-fluid vc_row inner_row\"  style=\"\"><div class=\"row-bg-wrap\"> <div class=\"row-bg\" ><\/div> <\/div><div class=\"row_col_wrap_12_inner col span_12  left\">\n\t<div  class=\"vc_col-sm-12 wpb_column column_container vc_column_container col child_column padding-15-percent inherit_tablet padding-20-percent_phone\"   data-padding-pos=\"top-bottom\" data-has-bg-color=\"false\" data-bg-color=\"\" data-bg-opacity=\"1\" data-animation=\"\" data-delay=\"0\" >\n\t\t<div class=\"vc_column-inner\" >\n\t\t<div class=\"wpb_wrapper\">\n\t\t\t<h1 style=\"color: #ffffff;text-align: center\" class=\"vc_custom_heading\" >What do they think about us?<\/h1>\n\t\t<\/div> \n\t<\/div>\n\t<\/div> \n<\/div><\/div>\n\t\t\t<\/div> \n\t\t<\/div>\n\t<\/div> \n<\/div><\/div>\n\t\t<div id=\"fws_69fce3b1066c9\"  data-column-margin=\"default\" data-midnight=\"dark\"  class=\"wpb_row vc_row-fluid vc_row full-width-section  top_margin_5pct bottom_margin_5pct\"  style=\"padding-top: 0px; padding-bottom: 0px; \"><div class=\"row-bg-wrap\" data-bg-animation=\"none\" data-bg-animation-delay=\"\" data-bg-overlay=\"false\"><div class=\"inner-wrap row-bg-layer\" ><div class=\"row-bg viewport-desktop\"  style=\"\"><\/div><\/div><\/div><div class=\"row_col_wrap_12 col span_12 dark left\">\n\t<div style=\"\" class=\"vc_col-sm-12 wpb_column column_container vc_column_container col padding-5-percent top_margin_phone_10pct bottom_margin_phone_10pct inherit_tablet inherit_phone\" data-using-bg=\"true\" data-border-radius=\"20px\" data-shadow=\"small_depth\" data-padding-pos=\"all\" data-has-bg-color=\"true\" data-bg-color=\"#ffffff\" data-bg-opacity=\"1\" data-animation=\"\" data-delay=\"0\" >\n\t\t<div class=\"vc_column-inner\" ><div class=\"column-bg-overlay-wrap column-bg-layer\" data-bg-animation=\"none\"><div class=\"column-bg-overlay\" style=\"opacity: 1; background-color: #ffffff;\"><\/div><\/div>\n\t\t\t<div class=\"wpb_wrapper\">\n\t\t\t\t\n\t<div class=\"wpb_raw_code wpb_content_element wpb_raw_html\" >\n\t\t<div class=\"wpb_wrapper\">\n\t\t\t<div class=\"ti-widget ti-goog\" data-layout-id=\"16\" data-set-id=\"light-background-large\" data-pid=\"b5167179c03e50ec942cb\" > <div class=\"ti-widget-container ti-col-3\"> <div class=\"ti-reviews-container\"> <div class=\"ti-reviews-container-wrapper\">  <div data-empty=\"0\" class=\"ti-review-item source-Google\" > <div class=\"ti-inner\"> <div class=\"ti-review-header\"> <div class=\"ti-profile-img\"> <img decoding=\"async\" src=\"https:\/\/lh3.googleusercontent.com\/a\/AATXAJxsvODWgfgsjbPFRuQUl4pnHPBokmL5mxTUwvTUyw=s120-c-c-rp-w64-h64-mo-br100\" alt=\"F. DIEZ\" \/> <\/div> <div class=\"ti-profile-details\"> <div class=\"ti-name\"> F. DIEZ <\/div> <div class=\"ti-date\">17\/02\/2022<\/div> <\/div> <\/div> <span class=\"ti-stars\"><span class=\"ti-star f\"><\/span><span class=\"ti-star f\"><\/span><span class=\"ti-star f\"><\/span><span class=\"ti-star f\"><\/span><span class=\"ti-star f\"><\/span><\/span> <div class=\"ti-review-content\"><!-- R-CONTENT -->Encantado con el trato recibido. Un equipo joven y din\u00e1mico que demuestra gran profesionalidad. En todo momento me tuvieron informado del progreso del trabajo. Recomendable<!-- R-CONTENT --><\/div> <span class=\"ti-read-more\" data-container=\".ti-review-content\" data-collapse-text=\"Ocultar\" data-open-text=\"Lee mas\"><\/span> <\/div> <\/div>  <div data-empty=\"0\" class=\"ti-review-item source-Google\" > <div class=\"ti-inner\"> <div class=\"ti-review-header\"> <div class=\"ti-profile-img\"> <img decoding=\"async\" src=\"https:\/\/lh3.googleusercontent.com\/a\/AATXAJxi80T0iH52JIH8V1-OFUZdNbfaH4g0vLv2vp7x=s120-c-c-rp-w64-h64-mo-br100\" alt=\"Jose D\" \/> <\/div> <div class=\"ti-profile-details\"> <div class=\"ti-name\"> Jose D <\/div> <div class=\"ti-date\">18\/01\/2022<\/div> <\/div> <\/div> <span class=\"ti-stars\"><span class=\"ti-star f\"><\/span><span class=\"ti-star f\"><\/span><span class=\"ti-star f\"><\/span><span class=\"ti-star f\"><\/span><span class=\"ti-star f\"><\/span><\/span> <div class=\"ti-review-content\"><!-- R-CONTENT -->Nuestra experiencia ha sido muy buena. Se han adaptado perfectamente a la idea que ten\u00edamos inicialmente, y se han ajustado al presupuesto que ten\u00edamos en un principio. El resultado ha sido mejor de lo que esper\u00e1bamos, y repetiremos sin duda. El trato y la atenci\u00f3n por parte de \u00c1ngel es excepcional! Gracias por el trabajo chicos!!!<!-- R-CONTENT --><\/div> <span class=\"ti-read-more\" data-container=\".ti-review-content\" data-collapse-text=\"Ocultar\" data-open-text=\"Lee mas\"><\/span> <\/div> <\/div>  <div data-empty=\"0\" class=\"ti-review-item source-Google\" > <div class=\"ti-inner\"> <div class=\"ti-review-header\"> <div class=\"ti-profile-img\"> <img decoding=\"async\" src=\"https:\/\/lh3.googleusercontent.com\/a\/AATXAJzi0th7m2QKLNtygwTuGB1YouY9SXB1HH0XoqKB=s120-c-c-rp-w64-h64-mo-br100\" alt=\"Sandra Capel\" \/> <\/div> <div class=\"ti-profile-details\"> <div class=\"ti-name\"> Sandra Capel <\/div> <div class=\"ti-date\">18\/01\/2022<\/div> <\/div> <\/div> <span class=\"ti-stars\"><span class=\"ti-star f\"><\/span><span class=\"ti-star f\"><\/span><span class=\"ti-star f\"><\/span><span class=\"ti-star f\"><\/span><span class=\"ti-star f\"><\/span><\/span> <div class=\"ti-review-content\"><!-- R-CONTENT -->Muy profesionales y con mucho gusto. S\u00faper recomendables !<!-- R-CONTENT --><\/div> <span class=\"ti-read-more\" data-container=\".ti-review-content\" data-collapse-text=\"Ocultar\" data-open-text=\"Lee mas\"><\/span> <\/div> <\/div>  <div data-empty=\"0\" class=\"ti-review-item source-Google\" > <div class=\"ti-inner\"> <div class=\"ti-review-header\"> <div class=\"ti-profile-img\"> <img decoding=\"async\" src=\"https:\/\/lh3.googleusercontent.com\/a\/AATXAJwQ8Sf1e9XVFR-TBhw1_uQ4fofETDfdAL6ZO4hj=s120-c-c-rp-w64-h64-mo-br100\" alt=\"Berna Campos\" \/> <\/div> <div class=\"ti-profile-details\"> <div class=\"ti-name\"> Berna Campos <\/div> <div class=\"ti-date\">18\/01\/2022<\/div> <\/div> <\/div> <span class=\"ti-stars\"><span class=\"ti-star f\"><\/span><span class=\"ti-star f\"><\/span><span class=\"ti-star f\"><\/span><span class=\"ti-star f\"><\/span><span class=\"ti-star f\"><\/span><\/span> <div class=\"ti-review-content\"><!-- R-CONTENT -->Yo trate con \u00c1ngel,\nsolo tengo palabras de agradecimiento hacia su persona. Es educado, agradable y servicial. Cualquier problema que surge lo resuelve de la mejor manera posible y si no se puede, busca alternativas hasta que al final lo consigue, siempre mirando por el cliente.\nDe las mejores personas que conozco.\nNo dudo ni un instante en recomendarlo.<!-- R-CONTENT --><\/div> <span class=\"ti-read-more\" data-container=\".ti-review-content\" data-collapse-text=\"Ocultar\" data-open-text=\"Lee mas\"><\/span> <\/div> <\/div>  <div data-empty=\"0\" class=\"ti-review-item source-Google\" > <div class=\"ti-inner\"> <div class=\"ti-review-header\"> <div class=\"ti-profile-img\"> <img decoding=\"async\" src=\"https:\/\/lh3.googleusercontent.com\/a-\/AOh14Gi4oN5tWclbEFKWK3q-zEpte1k8WOYeViPPanBwuXw=s120-c-c-rp-w64-h64-mo-ba5-br100\" alt=\"Fernando Inarejos\" \/> <\/div> <div class=\"ti-profile-details\"> <div class=\"ti-name\"> Fernando Inarejos <\/div> <div class=\"ti-date\">16\/01\/2022<\/div> <\/div> <\/div> <span class=\"ti-stars\"><span class=\"ti-star f\"><\/span><span class=\"ti-star f\"><\/span><span class=\"ti-star f\"><\/span><span class=\"ti-star f\"><\/span><span class=\"ti-star f\"><\/span><\/span> <div class=\"ti-review-content\"><!-- R-CONTENT -->La experiencia con  Summa Interiores y \u00c1ngel Lozano fue muy positiva , nos guiaron y acompa\u00f1aron en todo momento en el proceso de reforma de nuestra casa , adaptaron nuestras ideas a las caracter\u00edsticas  reales de nuestro hogar , ejercieron el papel de conexi\u00f3n entre los diferentes operarios ,empresas y t\u00e9cnicos  que intervinieron en la obra y se encargaron de cumplir los plazos establecidos , una relaci\u00f3n honesta basada en la sinceridad , cercan\u00eda y experiencia . Un placer trabajar con ellos .<!-- R-CONTENT --><\/div> <span class=\"ti-read-more\" data-container=\".ti-review-content\" data-collapse-text=\"Ocultar\" data-open-text=\"Lee mas\"><\/span> <\/div> <\/div>  <div data-empty=\"0\" class=\"ti-review-item source-Google\" > <div class=\"ti-inner\"> <div class=\"ti-review-header\"> <div class=\"ti-profile-img\"> <img decoding=\"async\" src=\"https:\/\/lh3.googleusercontent.com\/a-\/AOh14GhWCnJjL9_kwBsIqyGaQSsFZB67M9m52f6-hPOjxQ=s120-c-c-rp-w64-h64-mo-br100\" alt=\"Jose Carlos Fr\u00edas\" \/> <\/div> <div class=\"ti-profile-details\"> <div class=\"ti-name\"> Jose Carlos Fr\u00edas <\/div> <div class=\"ti-date\">16\/01\/2022<\/div> <\/div> <\/div> <span class=\"ti-stars\"><span class=\"ti-star f\"><\/span><span class=\"ti-star f\"><\/span><span class=\"ti-star f\"><\/span><span class=\"ti-star f\"><\/span><span class=\"ti-star f\"><\/span><\/span> <div class=\"ti-review-content\"><!-- R-CONTENT -->Sentirse ARROPADO en un proceso complejo y tan importante como la reforma de tu hogar,  encima teniendo a gente implicada y profesional es una experiencia muy satisfactoria.\n\u00c1ngel Lozano nos dio esa sensaci\u00f3n de profesionalidad desde el primer momento.\nMil gracias!!<!-- R-CONTENT --><\/div> <span class=\"ti-read-more\" data-container=\".ti-review-content\" data-collapse-text=\"Ocultar\" data-open-text=\"Lee mas\"><\/span> <\/div> <\/div>  <\/div> <\/div> <div class=\"ti-footer\">  <\/div> <\/div> <\/div>\n\t\t<\/div>\n\t<\/div>\n\n\t\t\t<\/div> \n\t\t<\/div>\n\t<\/div> \n<\/div><\/div>","protected":false},"excerpt":{"rendered":"\u00bfQu\u00e9 opinan de nosotros? F. DIEZ 17\/02\/2022 Encantado con el trato recibido. Un equipo joven y din\u00e1mico que demuestra gran profesionalidad. En todo momento me tuvieron informado del progreso del...","protected":false},"author":1,"featured_media":0,"parent":0,"menu_order":0,"comment_status":"closed","ping_status":"closed","template":"","meta":{"_joinchat":[],"footnotes":""},"class_list":["post-9415","page","type-page","status-publish"],"yoast_head":"<!-- This site is optimized with the Yoast SEO plugin v19.14 - https:\/\/yoast.com\/wordpress\/plugins\/seo\/ -->\n<title>Opiniones - Summa Interiores<\/title>\n<meta name=\"robots\" content=\"index, follow, max-snippet:-1, max-image-preview:large, max-video-preview:-1\" \/>\n<link rel=\"canonical\" href=\"https:\/\/summainteriores.com\/en\/opiniones\/\" \/>\n<meta property=\"og:locale\" content=\"en_GB\" \/>\n<meta property=\"og:type\" content=\"article\" \/>\n<meta property=\"og:title\" content=\"Opiniones - Summa Interiores\" \/>\n<meta property=\"og:url\" content=\"https:\/\/summainteriores.com\/en\/opiniones\/\" \/>\n<meta property=\"og:site_name\" content=\"Summa Interiores\" \/>\n<meta property=\"article:modified_time\" content=\"2022-05-01T01:29:01+00:00\" \/>\n<meta name=\"twitter:card\" content=\"summary_large_image\" \/>\n<meta name=\"twitter:label1\" content=\"Estimated reading time\" \/>\n\t<meta name=\"twitter:data1\" content=\"1 minute\" \/>\n<script type=\"application\/ld+json\" class=\"yoast-schema-graph\">{\"@context\":\"https:\/\/schema.org\",\"@graph\":[{\"@type\":\"WebPage\",\"@id\":\"https:\/\/summainteriores.com\/opiniones\/\",\"url\":\"https:\/\/summainteriores.com\/opiniones\/\",\"name\":\"Opiniones - Summa Interiores\",\"isPartOf\":{\"@id\":\"https:\/\/summainteriores.com\/#website\"},\"datePublished\":\"2022-05-01T01:20:01+00:00\",\"dateModified\":\"2022-05-01T01:29:01+00:00\",\"breadcrumb\":{\"@id\":\"https:\/\/summainteriores.com\/opiniones\/#breadcrumb\"},\"inLanguage\":\"en-GB\",\"potentialAction\":[{\"@type\":\"ReadAction\",\"target\":[\"https:\/\/summainteriores.com\/opiniones\/\"]}]},{\"@type\":\"BreadcrumbList\",\"@id\":\"https:\/\/summainteriores.com\/opiniones\/#breadcrumb\",\"itemListElement\":[{\"@type\":\"ListItem\",\"position\":1,\"name\":\"Portada\",\"item\":\"https:\/\/summainteriores.com\/\"},{\"@type\":\"ListItem\",\"position\":2,\"name\":\"Opiniones\"}]},{\"@type\":\"WebSite\",\"@id\":\"https:\/\/summainteriores.com\/#website\",\"url\":\"https:\/\/summainteriores.com\/\",\"name\":\"Summa Interiores\",\"description\":\"Estudio de dise\u00f1o y arquitectura\",\"potentialAction\":[{\"@type\":\"SearchAction\",\"target\":{\"@type\":\"EntryPoint\",\"urlTemplate\":\"https:\/\/summainteriores.com\/?s={search_term_string}\"},\"query-input\":\"required name=search_term_string\"}],\"inLanguage\":\"en-GB\"}]}<\/script>\n<!-- \/ Yoast SEO plugin. -->","yoast_head_json":{"title":"Opiniones - Summa Interiores","robots":{"index":"index","follow":"follow","max-snippet":"max-snippet:-1","max-image-preview":"max-image-preview:large","max-video-preview":"max-video-preview:-1"},"canonical":"https:\/\/summainteriores.com\/en\/opiniones\/","og_locale":"en_GB","og_type":"article","og_title":"Opiniones - Summa Interiores","og_url":"https:\/\/summainteriores.com\/en\/opiniones\/","og_site_name":"Summa Interiores","article_modified_time":"2022-05-01T01:29:01+00:00","twitter_card":"summary_large_image","twitter_misc":{"Estimated reading time":"1 minute"},"schema":{"@context":"https:\/\/schema.org","@graph":[{"@type":"WebPage","@id":"https:\/\/summainteriores.com\/opiniones\/","url":"https:\/\/summainteriores.com\/opiniones\/","name":"Opiniones - Summa Interiores","isPartOf":{"@id":"https:\/\/summainteriores.com\/#website"},"datePublished":"2022-05-01T01:20:01+00:00","dateModified":"2022-05-01T01:29:01+00:00","breadcrumb":{"@id":"https:\/\/summainteriores.com\/opiniones\/#breadcrumb"},"inLanguage":"en-GB","potentialAction":[{"@type":"ReadAction","target":["https:\/\/summainteriores.com\/opiniones\/"]}]},{"@type":"BreadcrumbList","@id":"https:\/\/summainteriores.com\/opiniones\/#breadcrumb","itemListElement":[{"@type":"ListItem","position":1,"name":"Portada","item":"https:\/\/summainteriores.com\/"},{"@type":"ListItem","position":2,"name":"Opiniones"}]},{"@type":"WebSite","@id":"https:\/\/summainteriores.com\/#website","url":"https:\/\/summainteriores.com\/","name":"Summa Interiores","description":"Estudio de dise\u00f1o y arquitectura","potentialAction":[{"@type":"SearchAction","target":{"@type":"EntryPoint","urlTemplate":"https:\/\/summainteriores.com\/?s={search_term_string}"},"query-input":"required name=search_term_string"}],"inLanguage":"en-GB"}]}},"_links":{"self":[{"href":"https:\/\/summainteriores.com\/en\/wp-json\/wp\/v2\/pages\/9415","targetHints":{"allow":["GET"]}}],"collection":[{"href":"https:\/\/summainteriores.com\/en\/wp-json\/wp\/v2\/pages"}],"about":[{"href":"https:\/\/summainteriores.com\/en\/wp-json\/wp\/v2\/types\/page"}],"author":[{"embeddable":true,"href":"https:\/\/summainteriores.com\/en\/wp-json\/wp\/v2\/users\/1"}],"replies":[{"embeddable":true,"href":"https:\/\/summainteriores.com\/en\/wp-json\/wp\/v2\/comments?post=9415"}],"version-history":[{"count":19,"href":"https:\/\/summainteriores.com\/en\/wp-json\/wp\/v2\/pages\/9415\/revisions"}],"predecessor-version":[{"id":9438,"href":"https:\/\/summainteriores.com\/en\/wp-json\/wp\/v2\/pages\/9415\/revisions\/9438"}],"wp:attachment":[{"href":"https:\/\/summainteriores.com\/en\/wp-json\/wp\/v2\/media?parent=9415"}],"curies":[{"name":"wp","href":"https:\/\/api.w.org\/{rel}","templated":true}]}}