{"id":15775,"date":"2023-11-29T12:23:17","date_gmt":"2023-11-29T12:23:17","guid":{"rendered":"https:\/\/summainteriores.com\/?page_id=15775"},"modified":"2023-11-29T12:23:17","modified_gmt":"2023-11-29T12:23:17","slug":"reformas-integrales-mallorca","status":"publish","type":"page","link":"https:\/\/summainteriores.com\/en\/reformas-integrales-mallorca\/","title":{"rendered":"Refurbishment Projects"},"content":{"rendered":"<div id=\"fws_69dcf7ee7557c\"  data-column-margin=\"default\" data-midnight=\"dark\"  class=\"wpb_row vc_row-fluid vc_row full-width-content vc_row-o-equal-height vc_row-flex vc_row-o-content-top parallax_section shape_divider_phone_200px\"  style=\"padding-top: 0px; padding-bottom: 0px; \"><div class=\"row-bg-wrap\" data-bg-animation=\"zoom-out-slow\" data-bg-animation-delay=\"\" data-bg-overlay=\"true\"><div class=\"inner-wrap row-bg-layer using-image\" ><div class=\"row-bg viewport-desktop using-image\" data-parallax-speed=\"slow\" style=\"background-image: url(https:\/\/summainteriores.com\/wp-content\/uploads\/2021\/11\/HEC_8729.jpg); background-position: center center; background-repeat: no-repeat; \"><\/div><\/div><div class=\"row-bg-overlay row-bg-layer\" style=\"background: #9393a3; background: linear-gradient(90deg,#9393a3 0%,#ffc42e 100%);  opacity: 0.8; \"><\/div><\/div><div class=\"nectar-shape-divider-wrap\" style=\" height:125px;\"  data-height=\"125\" data-front=\"true\" data-style=\"fan\" data-position=\"bottom\" ><svg class=\"nectar-shape-divider\" aria-hidden=\"true\" fill=\"#ffffff\" xmlns=\"http:\/\/www.w3.org\/2000\/svg\" viewbox=\"0 0 1003.92 91\" preserveaspectratio=\"none\"> <polygon class=\"cls-1\" points=\"502.46 46.31 1 85.67 1 91.89 1002.91 91.89 1002.91 85.78 502.46 46.31\"\/><polygon class=\"cls-2\" points=\"502.46 45.8 1 0 1 91.38 1002.91 91.38 1002.91 0.1 502.46 45.8\"\/><rect class=\"cls-3\" y=\"45.81\" width=\"1003.92\" height=\"46.09\"\/>\n          <\/svg><\/div><div class=\"row_col_wrap_12 col span_12 dark left\">\n\t<div  class=\"vc_col-sm-12 wpb_column column_container vc_column_container col no-extra-padding inherit_tablet inherit_phone\"  data-padding-pos=\"all\" data-has-bg-color=\"false\" data-bg-color=\"\" data-bg-opacity=\"1\" data-animation=\"\" data-delay=\"0\" >\n\t\t<div class=\"vc_column-inner\" >\n\t\t\t<div class=\"wpb_wrapper\">\n\t\t\t\t<div id=\"fws_69dcf7ee7930d\" data-midnight=\"\" data-column-margin=\"default\" class=\"wpb_row vc_row-fluid vc_row inner_row\"  style=\"\"><div class=\"row-bg-wrap\"> <div class=\"row-bg\" ><\/div> <\/div><div class=\"row_col_wrap_12_inner col span_12  left\">\n\t<div  class=\"vc_col-sm-12 wpb_column column_container vc_column_container col child_column padding-15-percent inherit_tablet padding-20-percent_phone\"   data-padding-pos=\"top-bottom\" data-has-bg-color=\"false\" data-bg-color=\"\" data-bg-opacity=\"1\" data-animation=\"\" data-delay=\"0\" >\n\t\t<div class=\"vc_column-inner\" >\n\t\t<div class=\"wpb_wrapper\">\n\t\t\t<h1 style=\"color: #ffffff;text-align: center\" class=\"vc_custom_heading\" >Refurbishment Projects<\/h1>\n\t\t<\/div> \n\t<\/div>\n\t<\/div> \n<\/div><\/div>\n\t\t\t<\/div> \n\t\t<\/div>\n\t<\/div> \n<\/div><\/div>\n\t\t<div id=\"gestion-obras\"  data-column-margin=\"default\" data-midnight=\"dark\" data-top-percent=\"7%\" data-bottom-percent=\"8%\"  class=\"wpb_row vc_row-fluid vc_row full-width-section vc_row-o-equal-height vc_row-flex vc_row-o-content-top\"  style=\"padding-top: calc(100vw * 0.07); padding-bottom: calc(100vw * 0.08); \"><div class=\"row-bg-wrap\" data-bg-animation=\"none\" data-bg-animation-delay=\"\" data-bg-overlay=\"false\"><div class=\"inner-wrap row-bg-layer\" ><div class=\"row-bg viewport-desktop\"  style=\"\"><\/div><\/div><div class=\"row-bg-overlay row-bg-layer\" style=\"\"><\/div><\/div><div class=\"row_col_wrap_12 col span_12 dark center\">\n\t<div  class=\"vc_col-sm-2 wpb_column column_container vc_column_container col no-extra-padding right_margin_phone_3pct left_margin_phone_3pct inherit_tablet inherit_phone\"  data-padding-pos=\"all\" data-has-bg-color=\"false\" data-bg-color=\"\" data-bg-opacity=\"1\" data-animation=\"\" data-delay=\"0\" >\n\t\t<div class=\"vc_column-inner\" >\n\t\t\t<div class=\"wpb_wrapper\">\n\t\t\t\t\n\t\t\t<\/div> \n\t\t<\/div>\n\t<\/div> \n\n\t<div  class=\"vc_col-sm-8 wpb_column column_container vc_column_container col padding-3-percent inherit_tablet inherit_phone\"  data-border-animation=\"\" data-border-animation-delay=\"\" data-border-width=\"1px\" data-border-style=\"double_offset\" data-border-color=\"#ffc42e\" data-padding-pos=\"all\" data-has-bg-color=\"false\" data-bg-color=\"\" data-bg-opacity=\"1\" data-animation=\"\" data-delay=\"0\" >\n\t\t<div class=\"vc_column-inner\" style=\"border: 1px solid rgba(255,255,255,0); \"><span class=\"border-wrap\" style=\"border-color: #ffc42e;\"><span class=\"border-top\"><\/span><span class=\"border-right\"><\/span><span class=\"border-bottom\"><\/span><span class=\"border-left\"><\/span><\/span>\n\t\t\t<div class=\"wpb_wrapper\">\n\t\t\t\t<div id=\"fws_69dcf7ee7a75f\" data-midnight=\"\" data-column-margin=\"default\" class=\"wpb_row vc_row-fluid vc_row inner_row vc_row-o-equal-height vc_row-flex vc_row-o-content-middle\"  style=\"\"><div class=\"row-bg-wrap\"> <div class=\"row-bg\" ><\/div> <\/div><div class=\"row_col_wrap_12_inner col span_12  center\">\n\t<div  class=\"vc_col-sm-12 wpb_column column_container vc_column_container col child_column has-animation no-extra-padding inherit_tablet inherit_phone\"   data-padding-pos=\"all\" data-has-bg-color=\"false\" data-bg-color=\"\" data-bg-opacity=\"1\" data-animation=\"fade-in-from-bottom\" data-delay=\"0\" >\n\t\t<div class=\"vc_column-inner\" >\n\t\t<div class=\"wpb_wrapper\">\n\t\t\t<div class=\"nectar-highlighted-text\" data-style=\"half_text\" data-exp=\"default\" data-using-custom-color=\"true\" data-animation-delay=\"false\" data-color=\"#ffc42e\" data-color-gradient=\"#ffffff\" style=\"\">\n<h2 style=\"text-align: center;\"><i>Refurbishment Projects<\/i><\/h2>\n<\/div>\n\t\t<\/div> \n\t<\/div>\n\t<\/div> \n<\/div><\/div><div id=\"fws_69dcf7ee7ae1f\" data-midnight=\"\" data-column-margin=\"default\" class=\"wpb_row vc_row-fluid vc_row inner_row vc_row-o-content-middle\"  style=\"\"><div class=\"row-bg-wrap\"> <div class=\"row-bg\" ><\/div> <\/div><div class=\"row_col_wrap_12_inner col span_12  left\">\n\t<div  class=\"vc_col-sm-12 wpb_column column_container vc_column_container col child_column has-animation no-extra-padding force-desktop-text-align-center inherit_tablet inherit_phone\"   data-padding-pos=\"all\" data-has-bg-color=\"false\" data-bg-color=\"\" data-bg-opacity=\"1\" data-animation=\"fade-in-from-bottom\" data-delay=\"100\" >\n\t\t<div class=\"vc_column-inner\" >\n\t\t<div class=\"wpb_wrapper\">\n\t\t\t\n<div class=\"wpb_text_column wpb_content_element  vc_custom_1701075386937\" style=\" max-width: 550px; display: inline-block;\">\n\t<div class=\"wpb_wrapper\">\n\t\t<p>To successfully carry out a comprehensive renovation, a solid foundation is essential, hence the need to carry out a previous project.<\/p>\n<p><span style=\"font-weight: 400;\">To explain it <strong>, we will compare a refurbishment project<\/strong> with a game.<\/span><\/p>\n<p><span style=\"font-weight: 400;\">The blueprint is the rules that define the dynamics and clear objective of the game. The customer and the construction company are the players and Summa Interiores will be the judge. The interesting part is that in this case, we previously define the rules with the client and from there, we look for a construction company that is capable of playing based on the established criteria.<\/span><\/p>\n<p><span style=\"font-weight: 400;\">That is why we take care of defining and explaining the rules of the game very well so that, when there is a controversial action, everything is in writing and we know how to act. The positive part of this model is that<\/span><span style=\"font-weight: 400;\"> if the rules are well defined, everyone wins and leaves satisfied. Maybe they even want to play again or recommend that game to a friend.<\/span><\/p>\n<p><span style=\"font-weight: 400;\">Our goal is that renovating your house is not a nightmare. That from the first moment you know what you are doing and why, as if you knew the rules of the game <\/span><span style=\"font-weight: 400;\">\ud83d\ude09<\/span><span style=\"font-weight: 400;\">.\u00a0<\/span><\/p>\n<p><span style=\"font-weight: 400;\"><img loading=\"lazy\" decoding=\"async\" class=\"aligncenter wp-image-7427 size-large\" src=\"https:\/\/summainteriores.com\/wp-content\/uploads\/2019\/11\/Web-144-1-1024x682.jpg\" alt=\"\" width=\"1024\" height=\"682\" srcset=\"https:\/\/summainteriores.com\/wp-content\/uploads\/2019\/11\/Web-144-1-1024x682.jpg 1024w, https:\/\/summainteriores.com\/wp-content\/uploads\/2019\/11\/Web-144-1-300x200.jpg 300w, https:\/\/summainteriores.com\/wp-content\/uploads\/2019\/11\/Web-144-1-768x512.jpg 768w, https:\/\/summainteriores.com\/wp-content\/uploads\/2019\/11\/Web-144-1-900x600.jpg 900w, https:\/\/summainteriores.com\/wp-content\/uploads\/2019\/11\/Web-144-1.jpg 1400w\" sizes=\"auto, (max-width: 1024px) 100vw, 1024px\" \/><\/span><\/p>\n<p><span style=\"font-weight: 400;\">In this way our work is integrated with you and adapts to your needs and objectives. We know that renovating a home is very important for the person who does it. This is why we want to be your accomplices and create an atmosphere of trust and comfort.<\/span><\/p>\n<p><span style=\"font-weight: 400;\">Each renovation is personal and specific and we want you to feel that way too. That's why we focus on your routine inside the home, how you want to live and move around your house. For us this phase is very important because it is what will define how we should act in the future. How am I going to design the best space for you if I don't know you well enough to know that you have a pet or that you love enjoying a good coffee in the sun in the morning? That's why we emphasize the personal aspect of each project, we are excited about you, we care about you and we let you enjoy it.<\/span><\/p>\n<p><span style=\"font-weight: 400;\">And well, what do you say,\u00a0<\/span><strong>do we write those rules of the game?<\/strong><\/p>\n\t<\/div>\n<\/div>\n\n\n\n\n\t\t<\/div> \n\t<\/div>\n\t<\/div> \n<\/div><\/div>\n\t\t\t<\/div> \n\t\t<\/div>\n\t<\/div> \n\n\t<div  class=\"vc_col-sm-2 wpb_column column_container vc_column_container col no-extra-padding inherit_tablet inherit_phone\"  data-padding-pos=\"all\" data-has-bg-color=\"false\" data-bg-color=\"\" data-bg-opacity=\"1\" data-animation=\"\" data-delay=\"0\" >\n\t\t<div class=\"vc_column-inner\" >\n\t\t\t<div class=\"wpb_wrapper\">\n\t\t\t\t\n\t\t\t<\/div> \n\t\t<\/div>\n\t<\/div> \n<\/div><\/div>\n\t\t<div id=\"fws_69dcf7ee7b9b9\"  data-column-margin=\"default\" data-midnight=\"dark\"  class=\"wpb_row vc_row-fluid vc_row\"  style=\"padding-top: 0px; padding-bottom: 0px; \"><div class=\"row-bg-wrap\" data-bg-animation=\"none\" data-bg-animation-delay=\"\" data-bg-overlay=\"false\"><div class=\"inner-wrap row-bg-layer\" ><div class=\"row-bg viewport-desktop\"  style=\"\"><\/div><\/div><\/div><div class=\"row_col_wrap_12 col span_12 dark left\">\n\t<div  class=\"vc_col-sm-2 wpb_column column_container vc_column_container col no-extra-padding inherit_tablet inherit_phone\"  data-padding-pos=\"all\" data-has-bg-color=\"false\" data-bg-color=\"\" data-bg-opacity=\"1\" data-animation=\"\" data-delay=\"0\" >\n\t\t<div class=\"vc_column-inner\" >\n\t\t\t<div class=\"wpb_wrapper\">\n\t\t\t\t\n\t\t\t<\/div> \n\t\t<\/div>\n\t<\/div> \n\n\t<div  class=\"vc_col-sm-8 wpb_column column_container vc_column_container col no-extra-padding inherit_tablet inherit_phone\"  data-padding-pos=\"all\" data-has-bg-color=\"false\" data-bg-color=\"\" data-bg-opacity=\"1\" data-animation=\"\" data-delay=\"0\" >\n\t\t<div class=\"vc_column-inner\" >\n\t\t\t<div class=\"wpb_wrapper\">\n\t\t\t\t<div id=\"fws_69dcf7ee7c011\" data-midnight=\"\" data-column-margin=\"default\" class=\"wpb_row vc_row-fluid vc_row inner_row vc_row-o-equal-height vc_row-flex vc_row-o-content-middle\"  style=\"\"><div class=\"row-bg-wrap\"> <div class=\"row-bg\" ><\/div> <\/div><div class=\"row_col_wrap_12_inner col span_12  center\">\n\t<div  class=\"vc_col-sm-12 wpb_column column_container vc_column_container col child_column has-animation no-extra-padding inherit_tablet inherit_phone\"   data-padding-pos=\"all\" data-has-bg-color=\"false\" data-bg-color=\"\" data-bg-opacity=\"1\" data-animation=\"fade-in-from-bottom\" data-delay=\"0\" >\n\t\t<div class=\"vc_column-inner\" >\n\t\t<div class=\"wpb_wrapper\">\n\t\t\t<div class=\"nectar-highlighted-text\" data-style=\"half_text\" data-exp=\"default\" data-using-custom-color=\"true\" data-animation-delay=\"false\" data-color=\"#ffc42e\" data-color-gradient=\"#ffffff\" style=\"\">\n<h2 style=\"text-align: center;\"><i>Do we write those rules of the game?<\/i><\/h2>\n<\/div>\n\t\t<\/div> \n\t<\/div>\n\t<\/div> \n<\/div><\/div>\n<div class=\"wpb_text_column wpb_content_element\" >\n\t<div class=\"wpb_wrapper\">\n\t\t<p style=\"text-align: center;\">Tell us about your project and we will contact you as soon as possible.<\/p>\n\t<\/div>\n<\/div>\n\n\n\n\n<div class=\"wpcf7 no-js\" id=\"wpcf7-f15826-o1\" lang=\"es-ES\" dir=\"ltr\">\n<div class=\"screen-reader-response\"><p role=\"status\" aria-live=\"polite\" aria-atomic=\"true\"><\/p> <ul><\/ul><\/div>\n<form action=\"\/en\/wp-json\/wp\/v2\/pages\/15775#wpcf7-f15826-o1\" method=\"post\" class=\"wpcf7-form init\" aria-label=\"Formulario de contacto\" novalidate=\"novalidate\" data-status=\"init\" data-trp-original-action=\"\/en\/wp-json\/wp\/v2\/pages\/15775#wpcf7-f15826-o1\">\n<div style=\"display: none;\">\n<input type=\"hidden\" name=\"_wpcf7\" value=\"15826\" \/>\n<input type=\"hidden\" name=\"_wpcf7_version\" value=\"5.8.4\" \/>\n<input type=\"hidden\" name=\"_wpcf7_locale\" value=\"es_ES\" \/>\n<input type=\"hidden\" name=\"_wpcf7_unit_tag\" value=\"wpcf7-f15826-o1\" \/>\n<input type=\"hidden\" name=\"_wpcf7_container_post\" value=\"0\" \/>\n<input type=\"hidden\" name=\"_wpcf7_posted_data_hash\" value=\"\" \/>\n<input type=\"hidden\" name=\"_wpcf7_recaptcha_response\" value=\"\" \/>\n<\/div>\n<p><label> Name<br \/>\n<span class=\"wpcf7-form-control-wrap\" data-name=\"your-name\"><input size=\"40\" class=\"wpcf7-form-control wpcf7-text wpcf7-validates-as-required\" autocomplete=\"name\" aria-required=\"true\" aria-invalid=\"false\" value=\"\" type=\"text\" name=\"your-name\" \/><\/span> <\/label>\n<\/p>\n<p><label> Email<br \/>\n<span class=\"wpcf7-form-control-wrap\" data-name=\"your-email\"><input size=\"40\" class=\"wpcf7-form-control wpcf7-email wpcf7-validates-as-required wpcf7-text wpcf7-validates-as-email\" autocomplete=\"email\" aria-required=\"true\" aria-invalid=\"false\" value=\"\" type=\"email\" name=\"your-email\" \/><\/span> <\/label>\n<\/p>\n<p><label> Phone Number<br \/>\n<span class=\"wpcf7-form-control-wrap\" data-name=\"yourphone\"><input size=\"40\" class=\"wpcf7-form-control wpcf7-tel wpcf7-validates-as-required wpcf7-text wpcf7-validates-as-tel\" autocomplete=\"phone\" aria-required=\"true\" aria-invalid=\"false\" value=\"\" type=\"tel\" name=\"yourphone\" \/><\/span> <\/label>\n<\/p>\n<p><label> What is the project that motivates this query?<br \/>\n<span class=\"wpcf7-form-control-wrap\" data-name=\"menu-215\"><select class=\"wpcf7-form-control wpcf7-select\" aria-invalid=\"false\" name=\"menu-215\"><option value=\"\">&#8212;Por favor, elige una opci\u00f3n&#8212;<\/option><option value=\"Reforma integral\">Integral reform<\/option><option value=\"Reforma parcial\">Partial renovation<\/option><option value=\"Obra nueva\">New construction<\/option><option value=\"Informaci\u00f3n urban\u00edstica\">Town planning information<\/option><\/select><\/span> <\/label>\n<\/p>\n<p><label> What service are you looking for?<br \/>\n<span class=\"wpcf7-form-control-wrap\" data-name=\"menu\"><select class=\"wpcf7-form-control wpcf7-select\" aria-invalid=\"false\" name=\"menu\"><option value=\"\">&#8212;Por favor, elige una opci\u00f3n&#8212;<\/option><option value=\"Servicio de dise\u00f1o y\/o direcci\u00f3n de obra\">Design and\/or construction management service<\/option><option value=\"Servicios de construcci\u00f3n y alba\u00f1iler\u00eda\">Construction and masonry services<\/option><option value=\"Ambos\">Both<\/option><\/select><\/span><\/label>\n<\/p>\n<p><label>How many square meters does the house have?<br \/>\n<span class=\"wpcf7-form-control-wrap\" data-name=\"menu-478\"><select class=\"wpcf7-form-control wpcf7-select\" aria-invalid=\"false\" name=\"menu-478\"><option value=\"\">&#8212;Por favor, elige una opci\u00f3n&#8212;<\/option><option value=\"50 a 100\">50 to 100<\/option><option value=\"101 a 150\">101 to 150<\/option><option value=\"151 a 200\">151 to 200<\/option><option value=\"200 o m\u00e1s\">200 or more<\/option><option value=\"No lo s\u00e9\">I don't know<\/option><\/select><\/span><\/label>\n<\/p>\n<p><label> What is the current status of the project?<br \/>\n<span class=\"wpcf7-form-control-wrap\" data-name=\"menu-3\"><select class=\"wpcf7-form-control wpcf7-select\" aria-invalid=\"false\" name=\"menu-3\"><option value=\"\">&#8212;Por favor, elige una opci\u00f3n&#8212;<\/option><option value=\"Asesoramiento\">Counseling<\/option><option value=\"Estudiando viabilidad\">Studying feasibility<\/option><option value=\"Listo para contratar un profesional\">Ready to hire a professional<\/option><option value=\"En proceso\">In progress<\/option><\/select><\/span><\/label>\n<\/p>\n<p><label> Tell us in more detail, how we can help you<br \/>\n<span class=\"wpcf7-form-control-wrap\" data-name=\"your-message\"><textarea cols=\"40\" rows=\"10\" class=\"wpcf7-form-control wpcf7-textarea\" aria-invalid=\"false\" name=\"your-message\"><\/textarea><\/span><\/label>\n<\/p>\n<p><span class=\"wpcf7-form-control-wrap\" data-name=\"accept-this-1\"><span class=\"wpcf7-form-control wpcf7-acceptance\"><span class=\"wpcf7-list-item\"><label><input type=\"checkbox\" name=\"accept-this-1\" value=\"1\" aria-invalid=\"false\" \/><span class=\"wpcf7-list-item-label\">By clicking here you accept our <a href=\"https:\/\/summainteriores.com\/en\/politica-privacidad\/\">privacy policy<\/a><\/span><\/label><\/span><\/span><\/span>\n<\/p>\n<p><input class=\"wpcf7-form-control wpcf7-submit has-spinner\" type=\"submit\" value=\"Send\" \/>\n<\/p><div class=\"wpcf7-response-output\" aria-hidden=\"true\"><\/div>\n<input type=\"hidden\" name=\"trp-form-language\" value=\"en\"\/><\/form>\n<\/div>\n\n\t\t\t<\/div> \n\t\t<\/div>\n\t<\/div> \n\n\t<div  class=\"vc_col-sm-2 wpb_column column_container vc_column_container col no-extra-padding inherit_tablet inherit_phone\"  data-padding-pos=\"all\" data-has-bg-color=\"false\" data-bg-color=\"\" data-bg-opacity=\"1\" data-animation=\"\" data-delay=\"0\" >\n\t\t<div class=\"vc_column-inner\" >\n\t\t\t<div class=\"wpb_wrapper\">\n\t\t\t\t\n\t\t\t<\/div> \n\t\t<\/div>\n\t<\/div> \n<\/div><\/div>\n\t\t<div id=\"fws_69dcf7ee829c2\"  data-column-margin=\"default\" data-midnight=\"dark\"  class=\"wpb_row vc_row-fluid vc_row full-width-content vc_row-o-equal-height vc_row-flex vc_row-o-content-top\"  style=\"padding-top: 0px; padding-bottom: 0px; \"><div class=\"row-bg-wrap\" data-bg-animation=\"none\" data-bg-animation-delay=\"\" data-bg-overlay=\"true\"><div class=\"inner-wrap row-bg-layer\" ><div class=\"row-bg viewport-desktop\"  style=\"\"><\/div><\/div><div class=\"row-bg-overlay row-bg-layer\" style=\"background: #ffc42e; background: linear-gradient(90deg,#ffc42e 0%,#c5c5d6 100%);  opacity: 1; \"><\/div><\/div><div class=\"row_col_wrap_12 col span_12 dark left\">\n\t<div  class=\"vc_col-sm-12 wpb_column column_container vc_column_container col no-extra-padding inherit_tablet inherit_phone\"  data-padding-pos=\"all\" data-has-bg-color=\"false\" data-bg-color=\"\" data-bg-opacity=\"1\" data-animation=\"\" data-delay=\"0\" >\n\t\t<div class=\"vc_column-inner\" >\n\t\t\t<div class=\"wpb_wrapper\">\n\t\t\t\t<div class=\"divider-wrap\" data-alignment=\"default\"><div style=\"height: 10px;\" class=\"divider\"><\/div><\/div>\n\t\t\t<\/div> \n\t\t<\/div>\n\t<\/div> \n<\/div><\/div>","protected":false},"excerpt":{"rendered":"Reformas Integrales Reformas Integrales Para realizar con \u00e9xito una reforma integral es imprescindible una base s\u00f3lida, de ah\u00ed la necesidad de realizar un proyecto previo. Para explicarlo, compararemos una reforma...","protected":false},"author":1,"featured_media":0,"parent":0,"menu_order":0,"comment_status":"closed","ping_status":"closed","template":"","meta":{"_joinchat":[],"footnotes":""},"class_list":["post-15775","page","type-page","status-publish"],"yoast_head":"<!-- This site is optimized with the Yoast SEO plugin v19.14 - https:\/\/yoast.com\/wordpress\/plugins\/seo\/ -->\n<title>Reformas Integrales - Summa Interiores<\/title>\n<meta name=\"robots\" content=\"index, follow, max-snippet:-1, max-image-preview:large, max-video-preview:-1\" \/>\n<link rel=\"canonical\" href=\"https:\/\/summainteriores.com\/en\/reformas-integrales-mallorca\/\" \/>\n<meta property=\"og:locale\" content=\"en_GB\" \/>\n<meta property=\"og:type\" content=\"article\" \/>\n<meta property=\"og:title\" content=\"Reformas Integrales - Summa Interiores\" \/>\n<meta property=\"og:url\" content=\"https:\/\/summainteriores.com\/en\/reformas-integrales-mallorca\/\" \/>\n<meta property=\"og:site_name\" content=\"Summa Interiores\" \/>\n<meta property=\"og:image\" content=\"https:\/\/summainteriores.com\/wp-content\/uploads\/2019\/11\/Web-144-1-1024x682.jpg\" \/>\n<meta name=\"twitter:card\" content=\"summary_large_image\" \/>\n<meta name=\"twitter:label1\" content=\"Estimated reading time\" \/>\n\t<meta name=\"twitter:data1\" content=\"11 minutes\" \/>\n<script type=\"application\/ld+json\" class=\"yoast-schema-graph\">{\"@context\":\"https:\/\/schema.org\",\"@graph\":[{\"@type\":\"WebPage\",\"@id\":\"https:\/\/summainteriores.com\/reformas-integrales-mallorca\/\",\"url\":\"https:\/\/summainteriores.com\/reformas-integrales-mallorca\/\",\"name\":\"Reformas Integrales - Summa Interiores\",\"isPartOf\":{\"@id\":\"https:\/\/summainteriores.com\/#website\"},\"datePublished\":\"2023-11-29T12:23:17+00:00\",\"dateModified\":\"2023-11-29T12:23:17+00:00\",\"breadcrumb\":{\"@id\":\"https:\/\/summainteriores.com\/reformas-integrales-mallorca\/#breadcrumb\"},\"inLanguage\":\"en-GB\",\"potentialAction\":[{\"@type\":\"ReadAction\",\"target\":[\"https:\/\/summainteriores.com\/reformas-integrales-mallorca\/\"]}]},{\"@type\":\"BreadcrumbList\",\"@id\":\"https:\/\/summainteriores.com\/reformas-integrales-mallorca\/#breadcrumb\",\"itemListElement\":[{\"@type\":\"ListItem\",\"position\":1,\"name\":\"Portada\",\"item\":\"https:\/\/summainteriores.com\/\"},{\"@type\":\"ListItem\",\"position\":2,\"name\":\"Reformas Integrales\"}]},{\"@type\":\"WebSite\",\"@id\":\"https:\/\/summainteriores.com\/#website\",\"url\":\"https:\/\/summainteriores.com\/\",\"name\":\"Summa Interiores\",\"description\":\"Estudio de dise\u00f1o y arquitectura\",\"potentialAction\":[{\"@type\":\"SearchAction\",\"target\":{\"@type\":\"EntryPoint\",\"urlTemplate\":\"https:\/\/summainteriores.com\/?s={search_term_string}\"},\"query-input\":\"required name=search_term_string\"}],\"inLanguage\":\"en-GB\"}]}<\/script>\n<!-- \/ Yoast SEO plugin. -->","yoast_head_json":{"title":"Reformas Integrales - Summa Interiores","robots":{"index":"index","follow":"follow","max-snippet":"max-snippet:-1","max-image-preview":"max-image-preview:large","max-video-preview":"max-video-preview:-1"},"canonical":"https:\/\/summainteriores.com\/en\/reformas-integrales-mallorca\/","og_locale":"en_GB","og_type":"article","og_title":"Reformas Integrales - Summa Interiores","og_url":"https:\/\/summainteriores.com\/en\/reformas-integrales-mallorca\/","og_site_name":"Summa Interiores","og_image":[{"url":"https:\/\/summainteriores.com\/wp-content\/uploads\/2019\/11\/Web-144-1-1024x682.jpg"}],"twitter_card":"summary_large_image","twitter_misc":{"Estimated reading time":"11 minutes"},"schema":{"@context":"https:\/\/schema.org","@graph":[{"@type":"WebPage","@id":"https:\/\/summainteriores.com\/reformas-integrales-mallorca\/","url":"https:\/\/summainteriores.com\/reformas-integrales-mallorca\/","name":"Reformas Integrales - Summa Interiores","isPartOf":{"@id":"https:\/\/summainteriores.com\/#website"},"datePublished":"2023-11-29T12:23:17+00:00","dateModified":"2023-11-29T12:23:17+00:00","breadcrumb":{"@id":"https:\/\/summainteriores.com\/reformas-integrales-mallorca\/#breadcrumb"},"inLanguage":"en-GB","potentialAction":[{"@type":"ReadAction","target":["https:\/\/summainteriores.com\/reformas-integrales-mallorca\/"]}]},{"@type":"BreadcrumbList","@id":"https:\/\/summainteriores.com\/reformas-integrales-mallorca\/#breadcrumb","itemListElement":[{"@type":"ListItem","position":1,"name":"Portada","item":"https:\/\/summainteriores.com\/"},{"@type":"ListItem","position":2,"name":"Reformas Integrales"}]},{"@type":"WebSite","@id":"https:\/\/summainteriores.com\/#website","url":"https:\/\/summainteriores.com\/","name":"Summa Interiores","description":"Estudio de dise\u00f1o y arquitectura","potentialAction":[{"@type":"SearchAction","target":{"@type":"EntryPoint","urlTemplate":"https:\/\/summainteriores.com\/?s={search_term_string}"},"query-input":"required name=search_term_string"}],"inLanguage":"en-GB"}]}},"_links":{"self":[{"href":"https:\/\/summainteriores.com\/en\/wp-json\/wp\/v2\/pages\/15775","targetHints":{"allow":["GET"]}}],"collection":[{"href":"https:\/\/summainteriores.com\/en\/wp-json\/wp\/v2\/pages"}],"about":[{"href":"https:\/\/summainteriores.com\/en\/wp-json\/wp\/v2\/types\/page"}],"author":[{"embeddable":true,"href":"https:\/\/summainteriores.com\/en\/wp-json\/wp\/v2\/users\/1"}],"replies":[{"embeddable":true,"href":"https:\/\/summainteriores.com\/en\/wp-json\/wp\/v2\/comments?post=15775"}],"version-history":[{"count":46,"href":"https:\/\/summainteriores.com\/en\/wp-json\/wp\/v2\/pages\/15775\/revisions"}],"predecessor-version":[{"id":17467,"href":"https:\/\/summainteriores.com\/en\/wp-json\/wp\/v2\/pages\/15775\/revisions\/17467"}],"wp:attachment":[{"href":"https:\/\/summainteriores.com\/en\/wp-json\/wp\/v2\/media?parent=15775"}],"curies":[{"name":"wp","href":"https:\/\/api.w.org\/{rel}","templated":true}]}}